{"id":5647,"date":"2023-09-26T09:45:05","date_gmt":"2023-09-26T07:45:05","guid":{"rendered":"https:\/\/grandhotel.fr\/lesprit-grand-hotel\/page-archi\/"},"modified":"2023-11-30T22:24:41","modified_gmt":"2023-11-30T21:24:41","slug":"page-archi","status":"publish","type":"page","link":"https:\/\/grandhotel.fr\/en\/lesprit-grand-hotel\/page-archi\/","title":{"rendered":"Architecture"},"content":{"rendered":"<div id=\"block_28c00568e32d5d40ea5e3d4401bb8045\" class=\"pb-12 pt-8 md:pt-16 xl:pb-16 relative wp-block-titre \">\n\n  <div class=\"container relative\">\n    <div class=\"grid md:grid-cols-12 gap-8 w-full\">\n      <div class=\"md:col-span-5 relative\">\n                 <h1 class=\"font-thin text-4xl lg:text-[64px] lg:leading-[80px] relative\">The fusion of two great talents<\/h1>\n      <\/div>\n      <div class=\"md:col-span-6 md:col-start-7 md:pt-4\">\n        <h2 class=\"text-[20px] leading-[34px] font-bold mb-5\"><\/h2>\n        <div><p><span class=\"NormalTextRun SCXW62733617 BCX0\" data-ccp-parastyle=\"Body\">The<\/span><span class=\"NormalTextRun SCXW62733617 BCX0\" data-ccp-parastyle=\"Body\"> Grand Hotel brand proudly bears the mark of two illustrious names in architecture: internationally acclaimed architect Jean-Michel <\/span><span class=\"NormalTextRun SCXW62733617 BCX0\" data-ccp-parastyle=\"Body\">Wilmotte<\/span><span class=\"NormalTextRun SCXW62733617 BCX0\" data-ccp-parastyle=\"Body\"> (behind the Chalets) and the Aix-en-Provence-based interior designer Olivier Fr<\/span><span class=\"NormalTextRun SCXW62733617 BCX0\" data-ccp-parastyle=\"Body\">\u00e9<\/span><span class=\"NormalTextRun SCXW62733617 BCX0\" data-ccp-parastyle=\"Body\">mont (overseeing the entire site)<\/span><span class=\"NormalTextRun SCXW62733617 BCX0\" data-ccp-parastyle=\"Body\">.<\/span><span class=\"NormalTextRun SCXW62733617 BCX0\" data-ccp-parastyle=\"Body\">\u202f\u00a0<\/span><span class=\"NormalTextRun SCXW62733617 BCX0\" data-ccp-parastyle=\"Body\">\u00a0\u00a0\u00a0\u00a0\u00a0\u00a0\u00a0<\/span><\/p>\n<\/div>\n        \n      <\/div>\n    <\/div>\n  <\/div>\n<\/div>\n\n\n<div id=\"block_efc9eb8b39ec075cbd04a9f9c1612f2e\" class=\"overflow-hidden py-6 md:py-8 wp-block-rte\">\n  <div class=\"container\">\n    <div class=\"md:flex items-center gap-8\">\n              <div class=\"flex-1 md:order-2\">\n          <div class=\"h-[504px] w-full relative\">\n            <img width=\"807\" height=\"688\" src=\"https:\/\/grandhotel.fr\/app\/uploads\/2023\/10\/pp-wilmotte.png\" class=\"w-full h-full object-cover\" alt=\"\" decoding=\"async\" srcset=\"https:\/\/grandhotel.fr\/app\/uploads\/2023\/10\/pp-wilmotte.png 807w, https:\/\/grandhotel.fr\/app\/uploads\/2023\/10\/pp-wilmotte-300x256.png 300w, https:\/\/grandhotel.fr\/app\/uploads\/2023\/10\/pp-wilmotte-768x655.png 768w\" sizes=\"(max-width: 807px) 100vw, 807px\" \/>\n          <\/div>\n        <\/div>\n            <div class=\"flex-1  md:order-1\">\n        <div class=\"p-14\">\n                      <h2 class=\"font-thin mb-6\">Jean-Michel Wilmotte: A Globetrotting Aesthete<\/h2>\n                                <div class=\"prose max-w-none\"><p><span data-contrast=\"none\">Renowned for designing the Richelieu wing of the Louvre, the Rijksmuseum in Amsterdam, and the Museum of Islamic Arts in Doha. Jean-Michel Wilmotte brings a passion for beauty and a mastery of light to his work. His vision for our 21 Chalets seamlessly blends elegance, comfort, and simplicity, creating luxurious, understated spaces.\u202f\u00a0\u00a0\u00a0\u00a0\u00a0\u00a0\u00a0\u00a0\u00a0\u00a0\u00a0\u00a0\u00a0\u00a0\u00a0\u00a0\u00a0\u00a0\u00a0\u00a0\u00a0\u00a0\u00a0\u00a0\u00a0\u00a0\u00a0\u00a0\u00a0\u00a0\u00a0\u00a0\u00a0\u00a0\u00a0\u00a0\u00a0\u00a0\u00a0\u00a0\u00a0\u00a0\u00a0\u00a0\u00a0\u00a0\u00a0\u00a0<\/span><span data-ccp-props=\"{&quot;134233117&quot;:false,&quot;134233118&quot;:false,&quot;134245417&quot;:true,&quot;134245418&quot;:false,&quot;134245529&quot;:false,&quot;201341983&quot;:0,&quot;335551550&quot;:1,&quot;335551620&quot;:1,&quot;335559685&quot;:0,&quot;335559731&quot;:0,&quot;335559737&quot;:0,&quot;335559740&quot;:240}\">\u00a0<\/span><\/p>\n<p><span data-contrast=\"none\">\u00a0\u00a0\u00a0\u00a0\u00a0\u00a0\u00a0\u00a0\u00a0\u00a0\u00a0\u00a0\u00a0\u00a0\u00a0\u00a0\u00a0\u00a0\u00a0\u00a0\u00a0\u00a0\u00a0\u00a0\u00a0\u00a0\u00a0\u00a0\u00a0\u00a0\u00a0\u00a0\u00a0\u00a0\u00a0\u00a0\u00a0\u00a0\u00a0\u00a0\u00a0\u00a0\u00a0\u00a0\u00a0\u00a0\u00a0\u00a0\u00a0\u00a0\u00a0\u00a0\u00a0\u00a0\u00a0\u00a0\u00a0\u00a0\u00a0<\/span><\/p>\n<\/div>\n          \n                   <\/div>\n      <\/div>\n    <\/div>\n  <\/div>\n<\/div>\n\n\n<div id=\"block_e0dccd758b033ab79ebd931e646d1286\" class=\"overflow-hidden py-6 md:py-8 wp-block-rte\">\n  <div class=\"container\">\n    <div class=\"md:flex items-center gap-8\">\n              <div class=\"flex-1 \">\n          <div class=\"h-[504px] w-full relative\">\n            <img width=\"807\" height=\"688\" src=\"https:\/\/grandhotel.fr\/app\/uploads\/2023\/10\/pp-fremont.png\" class=\"w-full h-full object-cover\" alt=\"\" decoding=\"async\" srcset=\"https:\/\/grandhotel.fr\/app\/uploads\/2023\/10\/pp-fremont.png 807w, https:\/\/grandhotel.fr\/app\/uploads\/2023\/10\/pp-fremont-300x256.png 300w, https:\/\/grandhotel.fr\/app\/uploads\/2023\/10\/pp-fremont-768x655.png 768w\" sizes=\"(max-width: 807px) 100vw, 807px\" \/>\n          <\/div>\n        <\/div>\n            <div class=\"flex-1  \">\n        <div class=\"p-14\">\n                      <h2 class=\"font-thin mb-6\">Olivier Fr\u00e9mont: Creator of Atmospheres  <\/h2>\n                                <div class=\"prose max-w-none\"><p><span class=\"NormalTextRun SCXW23375431 BCX0\" data-ccp-parastyle=\"Body\">Our story with Olivier Fr<\/span><span class=\"NormalTextRun SCXW23375431 BCX0\" data-ccp-parastyle=\"Body\">\u00e9<\/span><span class=\"NormalTextRun SCXW23375431 BCX0\" data-ccp-parastyle=\"Body\">mont, an Aix-en-Provence native by choice and at heart, transcended professional realms, blossoming into a profound connection<\/span><span class=\"NormalTextRun SCXW23375431 BCX0\" data-ccp-parastyle=\"Body\">.\u00a0 <\/span><\/p>\n<p><span class=\"NormalTextRun SCXW23375431 BCX0\" data-ccp-parastyle=\"Body\">Since the project&#8217;s <\/span><span class=\"NormalTextRun SCXW23375431 BCX0\" data-ccp-parastyle=\"Body\">inception<\/span><span class=\"NormalTextRun SCXW23375431 BCX0\" data-ccp-parastyle=\"Body\">, Fr<\/span><span class=\"NormalTextRun SCXW23375431 BCX0\" data-ccp-parastyle=\"Body\">\u00e9<\/span><span class=\"NormalTextRun SCXW23375431 BCX0\" data-ccp-parastyle=\"Body\">mont has crafted the unique <\/span><span class=\"NormalTextRun SCXW23375431 BCX0\" data-ccp-parastyle=\"Body\">\u201c<\/span><span class=\"NormalTextRun SCXW23375431 BCX0\" data-ccp-parastyle=\"Body\">Grand Hotel atmosphere,<\/span><span class=\"NormalTextRun SCXW23375431 BCX0\" data-ccp-parastyle=\"Body\">\u201d <\/span><span class=\"NormalTextRun SCXW23375431 BCX0\" data-ccp-parastyle=\"Body\">infusing each of the three distinct environments with the Studio Fr<\/span><span class=\"NormalTextRun SCXW23375431 BCX0\" data-ccp-parastyle=\"Body\">\u00e9<\/span><span class=\"NormalTextRun SCXW23375431 BCX0\" data-ccp-parastyle=\"Body\">mont <\/span><span class=\"NormalTextRun ContextualSpellingAndGrammarErrorV2Themed SCXW23375431 BCX0\" data-ccp-parastyle=\"Body\">signature\u00a0 &#8211;<\/span><span class=\"NormalTextRun SCXW23375431 BCX0\" data-ccp-parastyle=\"Body\"> a style <\/span><span class=\"NormalTextRun SCXW23375431 BCX0\" data-ccp-parastyle=\"Body\">that&#8217;s<\/span><span class=\"NormalTextRun SCXW23375431 BCX0\" data-ccp-parastyle=\"Body\"> effortlessly chic, sleek, and relaxed, ensuring a sense of continuity throughout.<\/span><span class=\"NormalTextRun SCXW23375431 BCX0\" data-ccp-parastyle=\"Body\">\u202f\u202f\u00a0\u00a0\u00a0\u00a0\u00a0\u00a0<\/span><\/p>\n<\/div>\n          \n                   <\/div>\n      <\/div>\n    <\/div>\n  <\/div>\n<\/div>\n\n\n\n<p><\/p>\n\n\n<div id=\"block_a86768dd56b0bcd8b9619e362fd7befe\" class=\"bg-gray-extralight py-12 pb-16 lg:py-16 lg:pb-20 xl:py-20 xl:pb-24 wp-block-footer-bounce\">\n  <div class=\"container\">\n                    <div class=\"flex flex-col md:flex-row md:flex-wrap lg:flex-nowrap\">\n                      <a href=\"https:\/\/grandhotel.fr\/lieu-dexception\/\" target=\"\" class=\"flex items-center pt-4 md:pt-0 overflow-hidden md:basis-1\/2 lg:w-full h-48 md:h-96 xl:h-[424px] bg-white relative group\">\n                              <div class=\"absolute inset-0\"><img width=\"608\" height=\"424\" src=\"https:\/\/grandhotel.fr\/app\/uploads\/2023\/09\/push81.png\" class=\"w-full h-full object-cover\" alt=\"\" decoding=\"async\" srcset=\"https:\/\/grandhotel.fr\/app\/uploads\/2023\/09\/push81.png 608w, https:\/\/grandhotel.fr\/app\/uploads\/2023\/09\/push81-300x209.png 300w\" sizes=\"(max-width: 608px) 100vw, 608px\" \/><\/div>\n                \n                <div class=\"absolute inset-0 bg-black opacity-40 group-hover:opacity-60 transition-opacity duration-500\"><\/div>\n                            <div class=\"relative text-white px-16   w-full   md:text-left mt-auto mb-16\">\n                <div class=\"text-4xl md:text-4xl transition-transform duration-300 translate-y-4 md:translate-y-10 group-hover:translate-y-0 font-thin\">Distinctive <br \/>\r\nDestinations<\/div>\n                <div class=\"mt-2 md:mt-4 font-light transition-opacity opacity-0 group-hover:opacity-100 group-hover:h-auto text-sm\">Three places, one spirit<\/div>\n                                  <span  href=\"https:\/\/grandhotel.fr\/lieu-dexception\/\" class=\"mt-2 md:mt-6 opacity-0 duration-500 text-white text-center pb-4 relative after:transition-all after:ease-out-expo after:duration-500 font-bold after:block after:bottom-0 after:bg-white after:absolute after:h-px after:w-0 uppercase after:left-0  group-hover:after:w-16 tracking-widest inline-block group-hover:opacity-100 transition-all after:delay-150 ease\">\n                    Discover\n                  <\/span>\n                              <\/div>\n            <\/a>\n                      <a href=\"https:\/\/grandhotel.fr\/restaurants-et-bar\/\" target=\"\" class=\"flex items-center pt-4 md:pt-0 overflow-hidden md:basis-1\/2 lg:w-full h-48 md:h-96 xl:h-[424px] bg-white relative group\">\n                              <div class=\"absolute inset-0\"><img width=\"3000\" height=\"2001\" src=\"https:\/\/grandhotel.fr\/app\/uploads\/2023\/09\/Grand-Hotel-HD-76.jpg\" class=\"w-full h-full object-cover\" alt=\"\" decoding=\"async\" \/><\/div>\n                \n                <div class=\"absolute inset-0 bg-black opacity-40 group-hover:opacity-60 transition-opacity duration-500\"><\/div>\n                            <div class=\"relative text-white px-16   w-full text-right  md:text-left mt-auto mb-16\">\n                <div class=\"text-4xl md:text-4xl transition-transform duration-300 translate-y-4 md:translate-y-10 group-hover:translate-y-0 font-thin\">Bars <br \/>\r\n&#038; Restaurants <\/div>\n                <div class=\"mt-2 md:mt-4 font-light transition-opacity opacity-0 group-hover:opacity-100 group-hover:h-auto text-sm\">Our culinary escapades <\/div>\n                                  <span  href=\"https:\/\/grandhotel.fr\/restaurants-et-bar\/\" class=\"mt-2 md:mt-6 opacity-0 duration-500 text-white text-center pb-4 relative after:transition-all after:ease-out-expo after:duration-500 font-bold after:block after:bottom-0 after:bg-white after:absolute after:h-px after:w-0 uppercase after:left-0  group-hover:after:w-16 tracking-widest inline-block group-hover:opacity-100 transition-all after:delay-150 ease\">\n                    Explore\n                  <\/span>\n                              <\/div>\n            <\/a>\n                  <\/div>\n      <\/div>\n<\/div>\n","protected":false},"excerpt":{"rendered":"","protected":false},"author":2,"featured_media":3809,"parent":5633,"menu_order":0,"comment_status":"closed","ping_status":"closed","template":"","meta":{"inline_featured_image":false,"footnotes":""},"acf":[],"yoast_head":"<!-- This site is optimized with the Yoast SEO plugin v21.4 - https:\/\/yoast.com\/wordpress\/plugins\/seo\/ -->\n<title>Architecture - Grand H\u00f4tel<\/title>\n<meta name=\"robots\" content=\"index, follow, max-snippet:-1, max-image-preview:large, max-video-preview:-1\" \/>\n<link rel=\"canonical\" href=\"https:\/\/grandhotel.fr\/en\/lesprit-grand-hotel\/page-archi\/\" \/>\n<meta property=\"og:locale\" content=\"en_US\" \/>\n<meta property=\"og:type\" content=\"article\" \/>\n<meta property=\"og:title\" content=\"Architecture - Grand H\u00f4tel\" \/>\n<meta property=\"og:url\" content=\"https:\/\/grandhotel.fr\/en\/lesprit-grand-hotel\/page-archi\/\" \/>\n<meta property=\"og:site_name\" content=\"Grand H\u00f4tel\" \/>\n<meta property=\"article:modified_time\" content=\"2023-11-30T21:24:41+00:00\" \/>\n<meta property=\"og:image\" content=\"https:\/\/grandhotel.fr\/app\/uploads\/2023\/10\/heroarchi3.jpg\" \/>\n\t<meta property=\"og:image:width\" content=\"1440\" \/>\n\t<meta property=\"og:image:height\" content=\"536\" \/>\n\t<meta property=\"og:image:type\" content=\"image\/jpeg\" \/>\n<meta name=\"twitter:card\" content=\"summary_large_image\" \/>\n<script type=\"application\/ld+json\" class=\"yoast-schema-graph\">{\"@context\":\"https:\/\/schema.org\",\"@graph\":[{\"@type\":\"WebPage\",\"@id\":\"https:\/\/grandhotel.fr\/en\/lesprit-grand-hotel\/page-archi\/\",\"url\":\"https:\/\/grandhotel.fr\/en\/lesprit-grand-hotel\/page-archi\/\",\"name\":\"Architecture - Grand H\u00f4tel\",\"isPartOf\":{\"@id\":\"https:\/\/grandhotel.fr\/#website\"},\"datePublished\":\"2023-09-26T07:45:05+00:00\",\"dateModified\":\"2023-11-30T21:24:41+00:00\",\"breadcrumb\":{\"@id\":\"https:\/\/grandhotel.fr\/en\/lesprit-grand-hotel\/page-archi\/#breadcrumb\"},\"inLanguage\":\"en-US\",\"potentialAction\":[{\"@type\":\"ReadAction\",\"target\":[\"https:\/\/grandhotel.fr\/en\/lesprit-grand-hotel\/page-archi\/\"]}]},{\"@type\":\"BreadcrumbList\",\"@id\":\"https:\/\/grandhotel.fr\/en\/lesprit-grand-hotel\/page-archi\/#breadcrumb\",\"itemListElement\":[{\"@type\":\"ListItem\",\"position\":1,\"name\":\"Home\",\"item\":\"https:\/\/grandhotel.fr\/en\/\"},{\"@type\":\"ListItem\",\"position\":2,\"name\":\"The Essence of Grand Hotel\u00a0\u00a0\u00a0\",\"item\":\"https:\/\/grandhotel.fr\/en\/lesprit-grand-hotel\/\"},{\"@type\":\"ListItem\",\"position\":3,\"name\":\"Architecture\"}]},{\"@type\":\"WebSite\",\"@id\":\"https:\/\/grandhotel.fr\/#website\",\"url\":\"https:\/\/grandhotel.fr\/\",\"name\":\"Grand H\u00f4tel\",\"description\":\"Au c\u0153ur d\u2019un \u00e9crin de nature exceptionnel, vous vivrez chez nous des moments uniques, suspendus, des parenth\u00e8ses joyeuses, de d\u00e9tente et de partage.\",\"publisher\":{\"@id\":\"https:\/\/grandhotel.fr\/#organization\"},\"potentialAction\":[{\"@type\":\"SearchAction\",\"target\":{\"@type\":\"EntryPoint\",\"urlTemplate\":\"https:\/\/grandhotel.fr\/?s={search_term_string}\"},\"query-input\":\"required name=search_term_string\"}],\"inLanguage\":\"en-US\"},{\"@type\":\"Organization\",\"@id\":\"https:\/\/grandhotel.fr\/#organization\",\"name\":\"Grand H\u00f4tel\",\"url\":\"https:\/\/grandhotel.fr\/\",\"logo\":{\"@type\":\"ImageObject\",\"inLanguage\":\"en-US\",\"@id\":\"https:\/\/grandhotel.fr\/#\/schema\/logo\/image\/\",\"url\":\"https:\/\/grandhotel.fr\/app\/uploads\/2023\/10\/logo-GH-footer.svg\",\"contentUrl\":\"https:\/\/grandhotel.fr\/app\/uploads\/2023\/10\/logo-GH-footer.svg\",\"width\":280,\"height\":62,\"caption\":\"Grand H\u00f4tel\"},\"image\":{\"@id\":\"https:\/\/grandhotel.fr\/#\/schema\/logo\/image\/\"}}]}<\/script>\n<!-- \/ Yoast SEO plugin. -->","yoast_head_json":{"title":"Architecture - Grand H\u00f4tel","robots":{"index":"index","follow":"follow","max-snippet":"max-snippet:-1","max-image-preview":"max-image-preview:large","max-video-preview":"max-video-preview:-1"},"canonical":"https:\/\/grandhotel.fr\/en\/lesprit-grand-hotel\/page-archi\/","og_locale":"en_US","og_type":"article","og_title":"Architecture - Grand H\u00f4tel","og_url":"https:\/\/grandhotel.fr\/en\/lesprit-grand-hotel\/page-archi\/","og_site_name":"Grand H\u00f4tel","article_modified_time":"2023-11-30T21:24:41+00:00","og_image":[{"width":1440,"height":536,"url":"https:\/\/grandhotel.fr\/app\/uploads\/2023\/10\/heroarchi3.jpg","type":"image\/jpeg"}],"twitter_card":"summary_large_image","schema":{"@context":"https:\/\/schema.org","@graph":[{"@type":"WebPage","@id":"https:\/\/grandhotel.fr\/en\/lesprit-grand-hotel\/page-archi\/","url":"https:\/\/grandhotel.fr\/en\/lesprit-grand-hotel\/page-archi\/","name":"Architecture - Grand H\u00f4tel","isPartOf":{"@id":"https:\/\/grandhotel.fr\/#website"},"datePublished":"2023-09-26T07:45:05+00:00","dateModified":"2023-11-30T21:24:41+00:00","breadcrumb":{"@id":"https:\/\/grandhotel.fr\/en\/lesprit-grand-hotel\/page-archi\/#breadcrumb"},"inLanguage":"en-US","potentialAction":[{"@type":"ReadAction","target":["https:\/\/grandhotel.fr\/en\/lesprit-grand-hotel\/page-archi\/"]}]},{"@type":"BreadcrumbList","@id":"https:\/\/grandhotel.fr\/en\/lesprit-grand-hotel\/page-archi\/#breadcrumb","itemListElement":[{"@type":"ListItem","position":1,"name":"Home","item":"https:\/\/grandhotel.fr\/en\/"},{"@type":"ListItem","position":2,"name":"The Essence of Grand Hotel\u00a0\u00a0\u00a0","item":"https:\/\/grandhotel.fr\/en\/lesprit-grand-hotel\/"},{"@type":"ListItem","position":3,"name":"Architecture"}]},{"@type":"WebSite","@id":"https:\/\/grandhotel.fr\/#website","url":"https:\/\/grandhotel.fr\/","name":"Grand H\u00f4tel","description":"Au c\u0153ur d\u2019un \u00e9crin de nature exceptionnel, vous vivrez chez nous des moments uniques, suspendus, des parenth\u00e8ses joyeuses, de d\u00e9tente et de partage.","publisher":{"@id":"https:\/\/grandhotel.fr\/#organization"},"potentialAction":[{"@type":"SearchAction","target":{"@type":"EntryPoint","urlTemplate":"https:\/\/grandhotel.fr\/?s={search_term_string}"},"query-input":"required name=search_term_string"}],"inLanguage":"en-US"},{"@type":"Organization","@id":"https:\/\/grandhotel.fr\/#organization","name":"Grand H\u00f4tel","url":"https:\/\/grandhotel.fr\/","logo":{"@type":"ImageObject","inLanguage":"en-US","@id":"https:\/\/grandhotel.fr\/#\/schema\/logo\/image\/","url":"https:\/\/grandhotel.fr\/app\/uploads\/2023\/10\/logo-GH-footer.svg","contentUrl":"https:\/\/grandhotel.fr\/app\/uploads\/2023\/10\/logo-GH-footer.svg","width":280,"height":62,"caption":"Grand H\u00f4tel"},"image":{"@id":"https:\/\/grandhotel.fr\/#\/schema\/logo\/image\/"}}]}},"_links":{"self":[{"href":"https:\/\/grandhotel.fr\/en\/wp-json\/wp\/v2\/pages\/5647"}],"collection":[{"href":"https:\/\/grandhotel.fr\/en\/wp-json\/wp\/v2\/pages"}],"about":[{"href":"https:\/\/grandhotel.fr\/en\/wp-json\/wp\/v2\/types\/page"}],"author":[{"embeddable":true,"href":"https:\/\/grandhotel.fr\/en\/wp-json\/wp\/v2\/users\/2"}],"replies":[{"embeddable":true,"href":"https:\/\/grandhotel.fr\/en\/wp-json\/wp\/v2\/comments?post=5647"}],"version-history":[{"count":0,"href":"https:\/\/grandhotel.fr\/en\/wp-json\/wp\/v2\/pages\/5647\/revisions"}],"up":[{"embeddable":true,"href":"https:\/\/grandhotel.fr\/en\/wp-json\/wp\/v2\/pages\/5633"}],"wp:featuredmedia":[{"embeddable":true,"href":"https:\/\/grandhotel.fr\/en\/wp-json\/wp\/v2\/media\/3809"}],"wp:attachment":[{"href":"https:\/\/grandhotel.fr\/en\/wp-json\/wp\/v2\/media?parent=5647"}],"curies":[{"name":"wp","href":"https:\/\/api.w.org\/{rel}","templated":true}]}}