{"id":5633,"date":"2023-09-25T23:36:45","date_gmt":"2023-09-25T21:36:45","guid":{"rendered":"https:\/\/grandhotel.fr\/lesprit-grand-hotel\/"},"modified":"2024-04-05T16:00:27","modified_gmt":"2024-04-05T14:00:27","slug":"lesprit-grand-hotel","status":"publish","type":"page","link":"https:\/\/grandhotel.fr\/en\/lesprit-grand-hotel\/","title":{"rendered":"The Essence of Grand Hotel\u00a0\u00a0\u00a0"},"content":{"rendered":"<div id=\"block_cc9e46db35d65a746b95a3aa4a519134\" class=\"overflow-hidden py-6 md:py-8 wp-block-rte aligncenter\">\n  <div class=\"container\">\n    <div class=\"md:flex items-center gap-8\">\n              <div class=\"flex-1 \">\n          <div class=\"h-[504px] w-full relative\">\n            <img width=\"1024\" height=\"925\" src=\"https:\/\/grandhotel.fr\/app\/uploads\/2023\/10\/esprit-GH-1024x925.png\" class=\"w-full h-full object-cover\" alt=\"\" decoding=\"async\" srcset=\"https:\/\/grandhotel.fr\/app\/uploads\/2023\/10\/esprit-GH-1024x925.png 1024w, https:\/\/grandhotel.fr\/app\/uploads\/2023\/10\/esprit-GH-300x271.png 300w, https:\/\/grandhotel.fr\/app\/uploads\/2023\/10\/esprit-GH-768x694.png 768w, https:\/\/grandhotel.fr\/app\/uploads\/2023\/10\/esprit-GH.png 1205w\" sizes=\"(max-width: 1024px) 100vw, 1024px\" \/>\n          <\/div>\n        <\/div>\n            <div class=\"flex-1  \">\n        <div class=\"p-14\">\n                      <h2 class=\"font-thin mb-6\"> At The Grand Hotel, we offer more than just a stay          <\/h2>\n                                <div class=\"prose max-w-none\"><p><span class=\"NormalTextRun SCXW256598144 BCX0\" data-ccp-parastyle=\"Body\">Our three unique stay options promise to blend sophistication with comfort, making you feel right at home with our team&#8217;s warm hospitality<\/span><span class=\"NormalTextRun SCXW256598144 BCX0\" data-ccp-parastyle=\"Body\">.\u00a0\u00a0<\/span><\/p>\n<p><span class=\"NormalTextRun SCXW256598144 BCX0\" data-ccp-parastyle=\"Body\">And, of course, the vibrant atmosphere has been a hallmark of our memorable evenings for generations<\/span><span class=\"NormalTextRun SCXW256598144 BCX0\" data-ccp-parastyle=\"Body\">.<\/span><span class=\"NormalTextRun SCXW256598144 BCX0\" data-ccp-parastyle=\"Body\">\u202f\u00a0<\/span><span class=\"NormalTextRun SCXW256598144 BCX0\" data-ccp-parastyle=\"Body\">\u00a0\u00a0<\/span><\/p>\n<\/div>\n          \n                   <\/div>\n      <\/div>\n    <\/div>\n  <\/div>\n<\/div>\n\n\n<div id=\"block_4bcef5611abc0c097431a69f128e7ed8\" class=\"overflow-hidden py-6 md:py-8 wp-block-rte aligncenter\">\n  <div class=\"container\">\n    <div class=\"md:flex items-center gap-8\">\n              <div class=\"flex-1 md:order-2\">\n          <div class=\"h-[504px] w-full relative\">\n            <img width=\"592\" height=\"368\" src=\"https:\/\/grandhotel.fr\/app\/uploads\/2023\/09\/quick-access.jpg\" class=\"w-full h-full object-cover\" alt=\"\" decoding=\"async\" \/>\n          <\/div>\n        <\/div>\n            <div class=\"flex-1  md:order-1\">\n        <div class=\"p-14\">\n                      <h2 class=\"font-thin mb-6\">A Story to Tell\u00a0<\/h2>\n                                <div class=\"prose max-w-none\"><p><span class=\"NormalTextRun SCXW38302446 BCX0\" data-ccp-parastyle=\"Body\">The Grand Hotel of Serre Chevalier, <\/span><span class=\"NormalTextRun SCXW38302446 BCX0\" data-ccp-parastyle=\"Body\">established<\/span><span class=\"NormalTextRun SCXW38302446 BCX0\" data-ccp-parastyle=\"Body\"> in 1947, holds a special place as the resort&#8217;s first hotel. Over 70 years, it has woven itself into the fabric of history<\/span><span class=\"NormalTextRun SCXW38302446 BCX0\" data-ccp-parastyle=\"Body\">.<\/span><\/p>\n<p><span class=\"NormalTextRun SCXW38302446 BCX0\" data-ccp-parastyle=\"Body\">The Refuge, beloved by skiers for many years, shares this rich legacy<\/span><span class=\"NormalTextRun SCXW38302446 BCX0\" data-ccp-parastyle=\"Body\">.\u00a0 <\/span><span class=\"NormalTextRun SCXW38302446 BCX0\" data-ccp-parastyle=\"Body\">We&#8217;ve<\/span><span class=\"NormalTextRun SCXW38302446 BCX0\" data-ccp-parastyle=\"Body\"> lovingly <\/span><span class=\"NormalTextRun SCXW38302446 BCX0\" data-ccp-parastyle=\"Body\">maintained<\/span><span class=\"NormalTextRun SCXW38302446 BCX0\" data-ccp-parastyle=\"Body\"> the soul of these places, blending tradition with modern elegance. <\/span><span class=\"NormalTextRun SCXW38302446 BCX0\" data-ccp-parastyle=\"Body\">\u202f\u00a0\u00a0\u00a0\u00a0<\/span><\/p>\n<p>&nbsp;<\/p>\n<\/div>\n          \n                         <div class=\"mt-6\">\n                <a  href=\"https:\/\/grandhotel.fr\/en\/lesprit-grand-hotel\/galerie\/\" target=\"\" class=\"bg-black text-sm inline-block px-6 py-4 text-white border border-black hover:text-black hover:bg-transparent transition-colors ease-linear uppercase font-medium tracking-widest \">\n    photo gallery\n  <\/a>\n              <\/div>\n                  <\/div>\n      <\/div>\n    <\/div>\n  <\/div>\n<\/div>\n\n\n<div id=\"block_78cfe5620f3ab5cd44ccf16c4544be59\" class=\"bg-gray-extralight py-12 pb-16 lg:py-16 lg:pb-20 xl:py-20 xl:pb-24 wp-block-footer-bounce\">\n  <div class=\"container\">\n          <h2 class=\"font-thin text-center mb-10 lg:mb-14\">Discover The Grand Hotel establishments    <\/h2>\n                    <div class=\"flex flex-col md:flex-row md:flex-wrap lg:flex-nowrap\">\n                      <a href=\"https:\/\/grandhotel.fr\/en\/lieu-dexception\/\" target=\"\" class=\"flex items-center pt-4 md:pt-0 overflow-hidden md:basis-1\/2 lg:w-full h-48 md:h-96 xl:h-[424px] bg-white relative group\">\n                              <div class=\"absolute inset-0\"><img width=\"608\" height=\"424\" src=\"https:\/\/grandhotel.fr\/app\/uploads\/2023\/09\/push81.png\" class=\"w-full h-full object-cover\" alt=\"\" decoding=\"async\" srcset=\"https:\/\/grandhotel.fr\/app\/uploads\/2023\/09\/push81.png 608w, https:\/\/grandhotel.fr\/app\/uploads\/2023\/09\/push81-300x209.png 300w\" sizes=\"(max-width: 608px) 100vw, 608px\" \/><\/div>\n                \n                <div class=\"absolute inset-0 bg-black opacity-40 group-hover:opacity-60 transition-opacity duration-500\"><\/div>\n                            <div class=\"relative text-white px-16   w-full   md:text-left mt-auto mb-16\">\n                <div class=\"text-4xl md:text-4xl transition-transform duration-300 translate-y-4 md:translate-y-10 group-hover:translate-y-0 font-thin\">Distinctive <br \/>\r\nDestinations  <\/div>\n                <div class=\"mt-2 md:mt-4 font-light transition-opacity opacity-0 group-hover:opacity-100 group-hover:h-auto text-sm\">Three places, one spirit\u00a0\u00a0\u00a0<\/div>\n                                  <span  href=\"https:\/\/grandhotel.fr\/en\/lieu-dexception\/\" class=\"mt-2 md:mt-6 opacity-0 duration-500 text-white text-center pb-4 relative after:transition-all after:ease-out-expo after:duration-500 font-bold after:block after:bottom-0 after:bg-white after:absolute after:h-px after:w-0 uppercase after:left-0  group-hover:after:w-16 tracking-widest inline-block group-hover:opacity-100 transition-all after:delay-150 ease\">\n                    Discover\n                  <\/span>\n                              <\/div>\n            <\/a>\n                      <a href=\"https:\/\/grandhotel.fr\/en\/bars-restaurants-en\/\" target=\"\" class=\"flex items-center pt-4 md:pt-0 overflow-hidden md:basis-1\/2 lg:w-full h-48 md:h-96 xl:h-[424px] bg-white relative group\">\n                              <div class=\"absolute inset-0\"><img width=\"1440\" height=\"536\" src=\"https:\/\/grandhotel.fr\/app\/uploads\/2023\/10\/Grand-Hotel-HD-76-1.jpg\" class=\"w-full h-full object-cover\" alt=\"\" decoding=\"async\" \/><\/div>\n                \n                <div class=\"absolute inset-0 bg-black opacity-40 group-hover:opacity-60 transition-opacity duration-500\"><\/div>\n                            <div class=\"relative text-white px-16   w-full text-right  md:text-left mt-auto mb-16\">\n                <div class=\"text-4xl md:text-4xl transition-transform duration-300 translate-y-4 md:translate-y-10 group-hover:translate-y-0 font-thin\">Bars <br \/>\r\n&#038; Restaurants <\/div>\n                <div class=\"mt-2 md:mt-4 font-light transition-opacity opacity-0 group-hover:opacity-100 group-hover:h-auto text-sm\">Our culinary escapades<\/div>\n                                  <span  href=\"https:\/\/grandhotel.fr\/en\/bars-restaurants-en\/\" class=\"mt-2 md:mt-6 opacity-0 duration-500 text-white text-center pb-4 relative after:transition-all after:ease-out-expo after:duration-500 font-bold after:block after:bottom-0 after:bg-white after:absolute after:h-px after:w-0 uppercase after:left-0  group-hover:after:w-16 tracking-widest inline-block group-hover:opacity-100 transition-all after:delay-150 ease\">\n                    EXPLORE\n                  <\/span>\n                              <\/div>\n            <\/a>\n                  <\/div>\n      <\/div>\n<\/div>\n\n\n<div id=\"block_d24452e717745c08582bcec2d2eef228\" class=\"block relative wp-block-slider-image\">\n  \n<\/div>\n\n\n<div id=\"block_d24452e717745c08582bcec2d2eef228\" class=\"block relative wp-block-slider-image\">\n  \n<\/div>\n","protected":false},"excerpt":{"rendered":"","protected":false},"author":2,"featured_media":10630,"parent":0,"menu_order":0,"comment_status":"closed","ping_status":"closed","template":"","meta":{"inline_featured_image":false,"footnotes":""},"acf":[],"yoast_head":"<!-- This site is optimized with the Yoast SEO plugin v21.4 - https:\/\/yoast.com\/wordpress\/plugins\/seo\/ -->\n<title>The Essence of Grand Hotel\u00a0\u00a0\u00a0 - Grand H\u00f4tel<\/title>\n<meta name=\"robots\" content=\"index, follow, max-snippet:-1, max-image-preview:large, max-video-preview:-1\" \/>\n<link rel=\"canonical\" href=\"https:\/\/grandhotel.fr\/en\/lesprit-grand-hotel\/\" \/>\n<meta property=\"og:locale\" content=\"en_US\" \/>\n<meta property=\"og:type\" content=\"article\" \/>\n<meta property=\"og:title\" content=\"The Essence of Grand Hotel\u00a0\u00a0\u00a0 - Grand H\u00f4tel\" \/>\n<meta property=\"og:url\" content=\"https:\/\/grandhotel.fr\/en\/lesprit-grand-hotel\/\" \/>\n<meta property=\"og:site_name\" content=\"Grand H\u00f4tel\" \/>\n<meta property=\"article:modified_time\" content=\"2024-04-05T14:00:27+00:00\" \/>\n<meta property=\"og:image\" content=\"https:\/\/grandhotel.fr\/app\/uploads\/2023\/10\/heroesprit2.jpg\" \/>\n\t<meta property=\"og:image:width\" content=\"1440\" \/>\n\t<meta property=\"og:image:height\" content=\"536\" \/>\n\t<meta property=\"og:image:type\" content=\"image\/jpeg\" \/>\n<meta name=\"twitter:card\" content=\"summary_large_image\" \/>\n<script type=\"application\/ld+json\" class=\"yoast-schema-graph\">{\"@context\":\"https:\/\/schema.org\",\"@graph\":[{\"@type\":\"WebPage\",\"@id\":\"https:\/\/grandhotel.fr\/en\/lesprit-grand-hotel\/\",\"url\":\"https:\/\/grandhotel.fr\/en\/lesprit-grand-hotel\/\",\"name\":\"The Essence of Grand Hotel\u00a0\u00a0\u00a0 - Grand H\u00f4tel\",\"isPartOf\":{\"@id\":\"https:\/\/grandhotel.fr\/#website\"},\"datePublished\":\"2023-09-25T21:36:45+00:00\",\"dateModified\":\"2024-04-05T14:00:27+00:00\",\"breadcrumb\":{\"@id\":\"https:\/\/grandhotel.fr\/en\/lesprit-grand-hotel\/#breadcrumb\"},\"inLanguage\":\"en-US\",\"potentialAction\":[{\"@type\":\"ReadAction\",\"target\":[\"https:\/\/grandhotel.fr\/en\/lesprit-grand-hotel\/\"]}]},{\"@type\":\"BreadcrumbList\",\"@id\":\"https:\/\/grandhotel.fr\/en\/lesprit-grand-hotel\/#breadcrumb\",\"itemListElement\":[{\"@type\":\"ListItem\",\"position\":1,\"name\":\"Home\",\"item\":\"https:\/\/grandhotel.fr\/en\/\"},{\"@type\":\"ListItem\",\"position\":2,\"name\":\"The Essence of Grand Hotel\u00a0\u00a0\u00a0\"}]},{\"@type\":\"WebSite\",\"@id\":\"https:\/\/grandhotel.fr\/#website\",\"url\":\"https:\/\/grandhotel.fr\/\",\"name\":\"Grand H\u00f4tel\",\"description\":\"Au c\u0153ur d\u2019un \u00e9crin de nature exceptionnel, vous vivrez chez nous des moments uniques, suspendus, des parenth\u00e8ses joyeuses, de d\u00e9tente et de partage.\",\"publisher\":{\"@id\":\"https:\/\/grandhotel.fr\/#organization\"},\"potentialAction\":[{\"@type\":\"SearchAction\",\"target\":{\"@type\":\"EntryPoint\",\"urlTemplate\":\"https:\/\/grandhotel.fr\/?s={search_term_string}\"},\"query-input\":\"required name=search_term_string\"}],\"inLanguage\":\"en-US\"},{\"@type\":\"Organization\",\"@id\":\"https:\/\/grandhotel.fr\/#organization\",\"name\":\"Grand H\u00f4tel\",\"url\":\"https:\/\/grandhotel.fr\/\",\"logo\":{\"@type\":\"ImageObject\",\"inLanguage\":\"en-US\",\"@id\":\"https:\/\/grandhotel.fr\/#\/schema\/logo\/image\/\",\"url\":\"https:\/\/grandhotel.fr\/app\/uploads\/2023\/10\/logo-GH-footer.svg\",\"contentUrl\":\"https:\/\/grandhotel.fr\/app\/uploads\/2023\/10\/logo-GH-footer.svg\",\"width\":280,\"height\":62,\"caption\":\"Grand H\u00f4tel\"},\"image\":{\"@id\":\"https:\/\/grandhotel.fr\/#\/schema\/logo\/image\/\"}}]}<\/script>\n<!-- \/ Yoast SEO plugin. -->","yoast_head_json":{"title":"The Essence of Grand Hotel\u00a0\u00a0\u00a0 - Grand H\u00f4tel","robots":{"index":"index","follow":"follow","max-snippet":"max-snippet:-1","max-image-preview":"max-image-preview:large","max-video-preview":"max-video-preview:-1"},"canonical":"https:\/\/grandhotel.fr\/en\/lesprit-grand-hotel\/","og_locale":"en_US","og_type":"article","og_title":"The Essence of Grand Hotel\u00a0\u00a0\u00a0 - Grand H\u00f4tel","og_url":"https:\/\/grandhotel.fr\/en\/lesprit-grand-hotel\/","og_site_name":"Grand H\u00f4tel","article_modified_time":"2024-04-05T14:00:27+00:00","og_image":[{"width":1440,"height":536,"url":"https:\/\/grandhotel.fr\/app\/uploads\/2023\/10\/heroesprit2.jpg","type":"image\/jpeg"}],"twitter_card":"summary_large_image","schema":{"@context":"https:\/\/schema.org","@graph":[{"@type":"WebPage","@id":"https:\/\/grandhotel.fr\/en\/lesprit-grand-hotel\/","url":"https:\/\/grandhotel.fr\/en\/lesprit-grand-hotel\/","name":"The Essence of Grand Hotel\u00a0\u00a0\u00a0 - Grand H\u00f4tel","isPartOf":{"@id":"https:\/\/grandhotel.fr\/#website"},"datePublished":"2023-09-25T21:36:45+00:00","dateModified":"2024-04-05T14:00:27+00:00","breadcrumb":{"@id":"https:\/\/grandhotel.fr\/en\/lesprit-grand-hotel\/#breadcrumb"},"inLanguage":"en-US","potentialAction":[{"@type":"ReadAction","target":["https:\/\/grandhotel.fr\/en\/lesprit-grand-hotel\/"]}]},{"@type":"BreadcrumbList","@id":"https:\/\/grandhotel.fr\/en\/lesprit-grand-hotel\/#breadcrumb","itemListElement":[{"@type":"ListItem","position":1,"name":"Home","item":"https:\/\/grandhotel.fr\/en\/"},{"@type":"ListItem","position":2,"name":"The Essence of Grand Hotel\u00a0\u00a0\u00a0"}]},{"@type":"WebSite","@id":"https:\/\/grandhotel.fr\/#website","url":"https:\/\/grandhotel.fr\/","name":"Grand H\u00f4tel","description":"Au c\u0153ur d\u2019un \u00e9crin de nature exceptionnel, vous vivrez chez nous des moments uniques, suspendus, des parenth\u00e8ses joyeuses, de d\u00e9tente et de partage.","publisher":{"@id":"https:\/\/grandhotel.fr\/#organization"},"potentialAction":[{"@type":"SearchAction","target":{"@type":"EntryPoint","urlTemplate":"https:\/\/grandhotel.fr\/?s={search_term_string}"},"query-input":"required name=search_term_string"}],"inLanguage":"en-US"},{"@type":"Organization","@id":"https:\/\/grandhotel.fr\/#organization","name":"Grand H\u00f4tel","url":"https:\/\/grandhotel.fr\/","logo":{"@type":"ImageObject","inLanguage":"en-US","@id":"https:\/\/grandhotel.fr\/#\/schema\/logo\/image\/","url":"https:\/\/grandhotel.fr\/app\/uploads\/2023\/10\/logo-GH-footer.svg","contentUrl":"https:\/\/grandhotel.fr\/app\/uploads\/2023\/10\/logo-GH-footer.svg","width":280,"height":62,"caption":"Grand H\u00f4tel"},"image":{"@id":"https:\/\/grandhotel.fr\/#\/schema\/logo\/image\/"}}]}},"_links":{"self":[{"href":"https:\/\/grandhotel.fr\/en\/wp-json\/wp\/v2\/pages\/5633"}],"collection":[{"href":"https:\/\/grandhotel.fr\/en\/wp-json\/wp\/v2\/pages"}],"about":[{"href":"https:\/\/grandhotel.fr\/en\/wp-json\/wp\/v2\/types\/page"}],"author":[{"embeddable":true,"href":"https:\/\/grandhotel.fr\/en\/wp-json\/wp\/v2\/users\/2"}],"replies":[{"embeddable":true,"href":"https:\/\/grandhotel.fr\/en\/wp-json\/wp\/v2\/comments?post=5633"}],"version-history":[{"count":0,"href":"https:\/\/grandhotel.fr\/en\/wp-json\/wp\/v2\/pages\/5633\/revisions"}],"wp:featuredmedia":[{"embeddable":true,"href":"https:\/\/grandhotel.fr\/en\/wp-json\/wp\/v2\/media\/10630"}],"wp:attachment":[{"href":"https:\/\/grandhotel.fr\/en\/wp-json\/wp\/v2\/media?parent=5633"}],"curies":[{"name":"wp","href":"https:\/\/api.w.org\/{rel}","templated":true}]}}