{"id":5530,"date":"2023-11-22T14:49:20","date_gmt":"2023-11-22T13:49:20","guid":{"rendered":"https:\/\/grandhotel.fr\/?page_id=5530"},"modified":"2026-03-29T10:24:10","modified_gmt":"2026-03-29T08:24:10","slug":"bars-restaurants-en","status":"publish","type":"page","link":"https:\/\/grandhotel.fr\/en\/bars-restaurants-en\/","title":{"rendered":"Bars &#038; Restaurants"},"content":{"rendered":"<div id=\"block_ba5e78c010d82a4210bf092c0e82795e\" class=\"pb-12 pt-8 md:pt-16 xl:pb-16 relative wp-block-titre \">\n\n  <div class=\"container relative\">\n    <div class=\"grid md:grid-cols-12 gap-8 w-full\">\n      <div class=\"md:col-span-5 relative\">\n                 <h1 class=\"font-thin text-4xl lg:text-[64px] lg:leading-[80px] relative\">Bars and Restaurants<\/h1>\n      <\/div>\n      <div class=\"md:col-span-6 md:col-start-7 md:pt-4\">\n        <h2 class=\"text-[20px] leading-[34px] font-bold mb-5\">Our culinary escapades<\/h2>\n        <div><p><span class=\"NormalTextRun SCXW114965510 BCX9\" data-ccp-parastyle=\"Body\">Seeking lunch in the sun before another slope <\/span><span class=\"NormalTextRun ContextualSpellingAndGrammarErrorV2Themed SCXW114965510 BCX9\" data-ccp-parastyle=\"Body\">run<\/span><span class=\"NormalTextRun SCXW114965510 BCX9\" data-ccp-parastyle=\"Body\">?\u00a0 <\/span><\/p>\n<p><span class=\"NormalTextRun SCXW114965510 BCX9\" data-ccp-parastyle=\"Body\">A romantic dinner or a lively evening in a refined, friendly setting<\/span><span class=\"NormalTextRun SCXW114965510 BCX9\" data-ccp-parastyle=\"Body\">?\u00a0 <\/span><\/p>\n<p><span class=\"NormalTextRun SCXW114965510 BCX9\" data-ccp-parastyle=\"Body\">A cocktail at the bar with friends\u00a0<\/span>or a quiet meal in your room at the Hotel**** or in your Chalet thanks to room service*?<\/p>\n<p><span class=\"NormalTextRun SCXW114965510 BCX9\" data-ccp-parastyle=\"Body\">Our three distinctively themed restaurants and two bars present diverse culinary worlds to match every craving<\/span><span class=\"NormalTextRun SCXW114965510 BCX9\" data-ccp-parastyle=\"Body\">.<\/span><\/p>\n<p>*See conditions at Reception<\/p>\n<\/div>\n        \n      <\/div>\n    <\/div>\n  <\/div>\n<\/div>\n\n\n<div id=\"block_1c96992657bfd9cd0d4dbde71d2b5a8a\" class=\" wp-block-text-images-slider relative pb-6 lg:pb-12 lg:my-12 xl:my-16 pt-8\">\n        <div class=\"lg:absolute lg:left-[40%] lg:right-0 lg:top-0 lg:bottom-0 z-0\">\n        <div class=\"splide splide--imagestext lg:h-full pb-8\">\n          <div class=\"splide__track lg:h-full\">\n            <ul class=\"splide__list\">\n                              <li class=\"splide__slide max-h-[400px] lg:max-h-full\"><img decoding=\"async\" src=\"https:\/\/grandhotel.fr\/app\/uploads\/2023\/10\/visuel-annexe.jpg\" alt=\"\" class=\"w-full h-full object-cover\">\n                <\/li>\n                          <\/ul>\n          <\/div>\n        <\/div>\n      <\/div>\n    \n  <div class=\"container\">\n    <div class=\"lg:grid lg:grid-cols-12 gap-8\">\n      <div class=\"lg:col-span-5  flex items-center justify-center\">\n        <div class=\"shadow-light bg-white relative mx-auto max-w-lg  lg:my-28 z-30 lg:translate-x-14 \">\n            <div class=\"py-6 md:py-12 px-8 md:px-16 relative\">\n                              <h2 class=\"inline-block  text-h2 font-thin\">Annexe Restaurant <\/h2>\n                                            <div class=\"text-sm uppercase tracking-widest text-gray-dark\">At the Hotel****<\/div>\n                                            <div class=\"mt-6\">\n                  <p><span class=\"NormalTextRun SCXW62970992 BCX9\" data-ccp-parastyle=\"Body\">For lunch, choose our brasserie-style restaurant&#8217;s laid-back atmosphere and freshly prepared dishes<\/span><span class=\"NormalTextRun SCXW62970992 BCX9\" data-ccp-parastyle=\"Body\">.\u00a0\u00a0<\/span><span class=\"NormalTextRun SCXW62970992 BCX9\" data-ccp-parastyle=\"Body\">\u00a0\u00a0\u00a0\u00a0<\/span><\/p>\n\n                <\/div>\n                                            <div class=\"mt-6\">\n                  <a  href=\"https:\/\/grandhotel.fr\/en\/bars-restaurants-en\/restaurant-lannexe\/\" target=\"\" class=\"text-black outline-none ring-0 pb-4 relative after:transition-all after:ease-out-expo after:duration-500 font-bold after:block after:bottom-0 after:bg-black after:absolute after:h-px after:w-8 uppercase hover:after:w-16 tracking-widest inline-block \">\n    Discover\n  <\/a>\n                <\/div>\n                          <\/div>\n                          <div class=\"\">\n                <a  href=\"http:\/\/Phone:33492241516\" target=\"\" class=\"bg-black text-sm inline-block px-6 py-4 text-white border border-black hover:text-black hover:bg-transparent transition-colors ease-linear uppercase font-medium tracking-widest w-full text-center\">\n    Book at (+33)4 92 24 15 16\n  <\/a>\n              <\/div>\n                    <\/div>\n      <\/div>\n    <\/div>\n  <\/div>\n\n<\/div>\n\n\n<div id=\"block_034cc9949548c3292281e6e0381bcb99\" class=\" wp-block-text-images-slider relative pb-6 lg:pb-12 lg:my-12 xl:my-16 pt-8\">\n        <div class=\"lg:absolute lg:right-[40%] lg:left-0 lg:top-0 lg:bottom-0 z-0\">\n        <div class=\"splide splide--imagestext lg:h-full pb-8\">\n          <div class=\"splide__track lg:h-full\">\n            <ul class=\"splide__list\">\n                              <li class=\"splide__slide max-h-[400px] lg:max-h-full\"><img decoding=\"async\" src=\"https:\/\/grandhotel.fr\/app\/uploads\/2024\/04\/GrandHotelEte2022-47.jpg\" alt=\"\" class=\"w-full h-full object-cover\">\n                <\/li>\n                          <\/ul>\n          <\/div>\n        <\/div>\n      <\/div>\n    \n  <div class=\"container\">\n    <div class=\"lg:grid lg:grid-cols-12 gap-8\">\n      <div class=\"lg:col-span-5 lg:col-start-7 flex items-center justify-center\">\n        <div class=\"shadow-light bg-white relative mx-auto max-w-lg  lg:my-28 z-30 lg:-translate-x-14 \">\n            <div class=\"py-6 md:py-12 px-8 md:px-16 relative\">\n                              <h2 class=\"inline-block  text-h2 font-thin\">Les Planches Restaurant <\/h2>\n                                            <div class=\"text-sm uppercase tracking-widest text-gray-dark\">At the Hotel****<\/div>\n                                            <div class=\"mt-6\">\n                  <p><span class=\"NormalTextRun SCXW55627095 BCX9\" data-ccp-parastyle=\"Body\">As evening falls, savor refined bistro-style cuisine in a modern mountain setting, enhanced by softly dimmed lighting<\/span><span class=\"NormalTextRun SCXW55627095 BCX9\" data-ccp-parastyle=\"Body\">.\u00a0\u00a0<\/span><\/p>\n\n                <\/div>\n                                            <div class=\"mt-6\">\n                  <a  href=\"https:\/\/grandhotel.fr\/en\/bars-restaurants-en\/restaurant-les-planches\/\" target=\"\" class=\"text-black outline-none ring-0 pb-4 relative after:transition-all after:ease-out-expo after:duration-500 font-bold after:block after:bottom-0 after:bg-black after:absolute after:h-px after:w-8 uppercase hover:after:w-16 tracking-widest inline-block \">\n    Discover\n  <\/a>\n                <\/div>\n                          <\/div>\n                          <div class=\"\">\n                <a  href=\"https:\/\/bookings.zenchef.com\/results?rid=381860&amp;pid=1001\" target=\"_blank\" class=\"bg-black text-sm inline-block px-6 py-4 text-white border border-black hover:text-black hover:bg-transparent transition-colors ease-linear uppercase font-medium tracking-widest w-full text-center\">\n    BOOK A TABLE\n  <\/a>\n              <\/div>\n                    <\/div>\n      <\/div>\n    <\/div>\n  <\/div>\n\n<\/div>\n\n\n<div id=\"block_29d4471266a48501a5468f42e2c9c6ae\" class=\" wp-block-text-images-slider relative pb-6 lg:pb-12 lg:my-12 xl:my-16 pt-8\">\n        <div class=\"lg:absolute lg:left-[40%] lg:right-0 lg:top-0 lg:bottom-0 z-0\">\n        <div class=\"splide splide--imagestext lg:h-full pb-8\">\n          <div class=\"splide__track lg:h-full\">\n            <ul class=\"splide__list\">\n                              <li class=\"splide__slide max-h-[400px] lg:max-h-full\"><img decoding=\"async\" src=\"https:\/\/grandhotel.fr\/app\/uploads\/2023\/10\/altavignette2.jpg\" alt=\"\" class=\"w-full h-full object-cover\">\n                <\/li>\n                          <\/ul>\n          <\/div>\n        <\/div>\n      <\/div>\n    \n  <div class=\"container\">\n    <div class=\"lg:grid lg:grid-cols-12 gap-8\">\n      <div class=\"lg:col-span-5  flex items-center justify-center\">\n        <div class=\"shadow-light bg-white relative mx-auto max-w-lg  lg:my-28 z-30 lg:translate-x-14 \">\n            <div class=\"py-6 md:py-12 px-8 md:px-16 relative\">\n                              <h2 class=\"inline-block  text-h2 font-thin\">Alta Bar<\/h2>\n                                            <div class=\"text-sm uppercase tracking-widest text-gray-dark\">At the Hotel****<\/div>\n                                            <div class=\"mt-6\">\n                  <p><span class=\"TextRun SCXW129354018 BCX9\" lang=\"EN-US\" xml:lang=\"EN-US\" data-contrast=\"none\"><span class=\"NormalTextRun SCXW129354018 BCX9\" data-ccp-parastyle=\"Body\">End your day with an original cocktail, gourmet tapas, upbeat music, and the warmth of a flickering fire.<\/span><\/span><\/p>\n\n                <\/div>\n                                            <div class=\"mt-6\">\n                  <a  href=\"https:\/\/grandhotel.fr\/en\/bars-restaurants-en\/bar-lalta\/\" target=\"\" class=\"text-black outline-none ring-0 pb-4 relative after:transition-all after:ease-out-expo after:duration-500 font-bold after:block after:bottom-0 after:bg-black after:absolute after:h-px after:w-8 uppercase hover:after:w-16 tracking-widest inline-block \">\n    DISCOVER\n  <\/a>\n                <\/div>\n                          <\/div>\n                          <div class=\"\">\n                <a  href=\"http:\/\/Phone:+33492241516\" target=\"\" class=\"bg-black text-sm inline-block px-6 py-4 text-white border border-black hover:text-black hover:bg-transparent transition-colors ease-linear uppercase font-medium tracking-widest w-full text-center\">\n    Book a table at (+33)4 92 24 15 16 \n  <\/a>\n              <\/div>\n                    <\/div>\n      <\/div>\n    <\/div>\n  <\/div>\n\n<\/div>\n\n\n<div id=\"block_851401c62666584c377ac08bb53ea5b2\" class=\" wp-block-text-images-slider relative pb-6 lg:pb-12 lg:my-12 xl:my-16 pt-8\">\n        <div class=\"lg:absolute lg:right-[40%] lg:left-0 lg:top-0 lg:bottom-0 z-0\">\n        <div class=\"splide splide--imagestext lg:h-full pb-8\">\n          <div class=\"splide__track lg:h-full\">\n            <ul class=\"splide__list\">\n                              <li class=\"splide__slide max-h-[400px] lg:max-h-full\"><img decoding=\"async\" src=\"https:\/\/grandhotel.fr\/app\/uploads\/2023\/10\/LE-REFUGE_HIVER22-14restau.jpg\" alt=\"\" class=\"w-full h-full object-cover\">\n                <\/li>\n                          <\/ul>\n          <\/div>\n        <\/div>\n      <\/div>\n    \n  <div class=\"container\">\n    <div class=\"lg:grid lg:grid-cols-12 gap-8\">\n      <div class=\"lg:col-span-5 lg:col-start-7 flex items-center justify-center\">\n        <div class=\"shadow-light bg-white relative mx-auto max-w-lg  lg:my-28 z-30 lg:-translate-x-14 \">\n            <div class=\"py-6 md:py-12 px-8 md:px-16 relative\">\n                              <h2 class=\"inline-block  text-h2 font-thin\">Mountain Bar &amp; Restaurant<\/h2>\n                                            <div class=\"text-sm uppercase tracking-widest text-gray-dark\">At the Refuge<\/div>\n                                            <div class=\"mt-6\">\n                  <p><span class=\"TextRun SCXW94702932 BCX9\" lang=\"EN-US\" xml:lang=\"EN-US\" data-contrast=\"none\"><span class=\"NormalTextRun SCXW94702932 BCX9\" data-ccp-parastyle=\"Body\">The Refuge bar-restaurant offers a refreshing pause for a mid-ski break, after a hike or pre-resort relaxation.<\/span><\/span><\/p>\n\n                <\/div>\n                                            <div class=\"mt-6\">\n                  <a  href=\"https:\/\/grandhotel.fr\/en\/bars-restaurants-en\/bar-restaurant-daltitude\/\" target=\"\" class=\"text-black outline-none ring-0 pb-4 relative after:transition-all after:ease-out-expo after:duration-500 font-bold after:block after:bottom-0 after:bg-black after:absolute after:h-px after:w-8 uppercase hover:after:w-16 tracking-widest inline-block \">\n    Discover\n  <\/a>\n                <\/div>\n                          <\/div>\n                          <div class=\"\">\n                <a  href=\"https:\/\/bookings.zenchef.com\/results?pid=1001&amp;rid=360604&amp;lang=en\" target=\"_blank\" class=\"bg-black text-sm inline-block px-6 py-4 text-white border border-black hover:text-black hover:bg-transparent transition-colors ease-linear uppercase font-medium tracking-widest w-full text-center\">\n    BOOK A TABLE\n  <\/a>\n              <\/div>\n                    <\/div>\n      <\/div>\n    <\/div>\n  <\/div>\n\n<\/div>\n\n\n<div id=\"block_b8aebdbee9637b3ed32e029b2fb30f77\" class=\"my-12 lg:my-16 wp-block-dual-stack-cards\">\n      <div class=\"container\">\n      <div class=\"grid md:grid-cols-12 gap-8\">\n                  <div class=\"md:col-span-10 md:col-start-2\">\n            <div class=\" md:mt-16 lg:mt-24 \">\n              <div class=\"w-full md:h-[360px] lg:h-[480px] xl:h-[607px]\">\n                                  <img width=\"683\" height=\"1024\" src=\"https:\/\/grandhotel.fr\/app\/uploads\/2023\/10\/Grand-Hotel-SC-83.jpg\" class=\"w-full h-full object-cover\" alt=\"\" decoding=\"async\" \/>\n                              <\/div>\n              <div class=\"mx-6 px-8 py-10 md:mx-8 lg:mx-12 relative flex flex-col gap-6 justify-center items-center -mt-16 bg-white shadow-light\">\n                <h3 class=\"font-thin lg:text-[40px] lg:leading-[48px] text-center\">Catering services<\/h3>\n                <div class=\"text-center\">\n                  <p><span class=\"NormalTextRun SCXW260093317 BCX9\" data-ccp-parastyle=\"Body\">Our catering service is versatile, perfect for everything from seminar breakfasts to celebratory meals and tasty breaks during meetings or brainstorming sessions<\/span><span class=\"NormalTextRun SCXW260093317 BCX9\" data-ccp-parastyle=\"Body\">.<\/span><span class=\"NormalTextRun SCXW260093317 BCX9\" data-ccp-parastyle=\"Body\">\u202f\u00a0<\/span><span class=\"NormalTextRun SCXW260093317 BCX9\" data-ccp-parastyle=\"Body\">\u00a0\u00a0<\/span><br \/>\n<!-- wp:acf\/dual-stack-cards {\"name\":\"acf\/dual-stack-cards\",\"data\":{\"cards_0_title\":\"Les services sur mesure \",\"_cards_0_title\":\"field_dual_stack_cards_cards_title\",\"cards_0_content\":\"Lorem ipsum dolor sit amet, consectetur adipiscing elit, sed do eiusmod tempor incididunt ut labore et dolore magna aliqua veniam.\",\"_cards_0_content\":\"field_dual_stack_cards_cards_content\",\"cards_0_image\":592,\"_cards_0_image\":\"field_dual_stack_cards_cards_image\",\"cards_0_link\":{\"title\":\"D\u00c9COUVRIR\",\"url\":\"https:\/\/grandhotel.fr\/services-grand-hotel\/\",\"target\":\"\"},\"_cards_0_link\":\"field_dual_stack_cards_cards_link\",\"cards\":1,\"_cards\":\"field_dual_stack_cards_cards\"},\"align\":\"\",\"mode\":\"auto\"} \/--><\/p>\n\n                <\/div>\n                                  <a  href=\"https:\/\/grandhotel.fr\/en\/services-grand-hotel\/\" target=\"_self\" class=\"text-black pb-4 relative after:transition-all after:ease-out-expo after:duration-500 font-bold after:block after:bottom-0 after:bg-black after:absolute after:h-px after:w-8 uppercase after:left-1\/2 after:-translate-x-1\/2 hover:after:w-16 tracking-widest inline-block \">\n    Discover\n  <\/a>\n                              <\/div>\n            <\/div>\n          <\/div>\n              <\/div>\n    <\/div>\n  <\/div>\n\n\n<div id=\"block_c5bf78e1b9a4eb56152219a8dfcd53f0\" class=\"bg-gray-extralight py-12 pb-16 lg:py-16 lg:pb-20 xl:py-20 xl:pb-24 wp-block-footer-bounce\">\n  <div class=\"container\">\n          <h2 class=\"font-thin text-center mb-10 lg:mb-14\">Also to discover<\/h2>\n                    <div class=\"flex flex-col md:flex-row md:flex-wrap lg:flex-nowrap\">\n                      <a href=\"https:\/\/grandhotel.fr\/en\/lieu-dexception\/\" target=\"\" class=\"flex items-center pt-4 md:pt-0 overflow-hidden md:basis-1\/2 lg:w-full h-48 md:h-96 xl:h-[424px] bg-white relative group\">\n                              <div class=\"absolute inset-0\"><img width=\"808\" height=\"848\" src=\"https:\/\/grandhotel.fr\/app\/uploads\/2023\/09\/menu-lieux.jpg\" class=\"w-full h-full object-cover\" alt=\"\" decoding=\"async\" \/><\/div>\n                \n                <div class=\"absolute inset-0 bg-black opacity-40 group-hover:opacity-60 transition-opacity duration-500\"><\/div>\n                            <div class=\"relative text-white px-16   w-full   md:text-left mt-auto mb-16\">\n                <div class=\"text-4xl md:text-4xl transition-transform duration-300 translate-y-4 md:translate-y-10 group-hover:translate-y-0 font-thin\">Unique Venues<\/div>\n                <div class=\"mt-2 md:mt-4 font-light transition-opacity opacity-0 group-hover:opacity-100 group-hover:h-auto text-sm\">The charm of the new universe Grand H\u00f4tel<\/div>\n                                  <span  href=\"https:\/\/grandhotel.fr\/en\/lieu-dexception\/\" class=\"mt-2 md:mt-6 opacity-0 duration-500 text-white text-center pb-4 relative after:transition-all after:ease-out-expo after:duration-500 font-bold after:block after:bottom-0 after:bg-white after:absolute after:h-px after:w-0 uppercase after:left-0  group-hover:after:w-16 tracking-widest inline-block group-hover:opacity-100 transition-all after:delay-150 ease\">\n                    Discover\n                  <\/span>\n                              <\/div>\n            <\/a>\n                      <a href=\"https:\/\/grandhotel.fr\/en\/spa-nuxe-2\/\" target=\"\" class=\"flex items-center pt-4 md:pt-0 overflow-hidden md:basis-1\/2 lg:w-full h-48 md:h-96 xl:h-[424px] bg-white relative group\">\n                              <div class=\"absolute inset-0\"><img width=\"608\" height=\"424\" src=\"https:\/\/grandhotel.fr\/app\/uploads\/2023\/09\/GrandHotel-19-1.jpg\" class=\"w-full h-full object-cover\" alt=\"\" decoding=\"async\" \/><\/div>\n                \n                <div class=\"absolute inset-0 bg-black opacity-40 group-hover:opacity-60 transition-opacity duration-500\"><\/div>\n                            <div class=\"relative text-white px-16   w-full text-right  md:text-left mt-auto mb-16\">\n                <div class=\"text-4xl md:text-4xl transition-transform duration-300 translate-y-4 md:translate-y-10 group-hover:translate-y-0 font-thin\">Nuxe Spa<\/div>\n                <div class=\"mt-2 md:mt-4 font-light transition-opacity opacity-0 group-hover:opacity-100 group-hover:h-auto text-sm\">A promise of quality &#038; know-how<\/div>\n                                  <span  href=\"https:\/\/grandhotel.fr\/en\/spa-nuxe-2\/\" class=\"mt-2 md:mt-6 opacity-0 duration-500 text-white text-center pb-4 relative after:transition-all after:ease-out-expo after:duration-500 font-bold after:block after:bottom-0 after:bg-white after:absolute after:h-px after:w-0 uppercase after:left-0  group-hover:after:w-16 tracking-widest inline-block group-hover:opacity-100 transition-all after:delay-150 ease\">\n                    Discover\n                  <\/span>\n                              <\/div>\n            <\/a>\n                  <\/div>\n      <\/div>\n<\/div>\n","protected":false},"excerpt":{"rendered":"","protected":false},"author":2,"featured_media":2565,"parent":0,"menu_order":0,"comment_status":"closed","ping_status":"closed","template":"","meta":{"inline_featured_image":false,"footnotes":""},"acf":[],"yoast_head":"<!-- This site is optimized with the Yoast SEO plugin v21.4 - https:\/\/yoast.com\/wordpress\/plugins\/seo\/ -->\n<title>Bars &amp; Restaurants - Grand H\u00f4tel<\/title>\n<meta name=\"robots\" content=\"index, follow, max-snippet:-1, max-image-preview:large, max-video-preview:-1\" \/>\n<link rel=\"canonical\" href=\"https:\/\/grandhotel.fr\/en\/bars-restaurants-en\/\" \/>\n<meta property=\"og:locale\" content=\"en_US\" \/>\n<meta property=\"og:type\" content=\"article\" \/>\n<meta property=\"og:title\" content=\"Bars &amp; Restaurants - Grand H\u00f4tel\" \/>\n<meta property=\"og:url\" content=\"https:\/\/grandhotel.fr\/en\/bars-restaurants-en\/\" \/>\n<meta property=\"og:site_name\" content=\"Grand H\u00f4tel\" \/>\n<meta property=\"article:modified_time\" content=\"2026-03-29T08:24:10+00:00\" \/>\n<meta property=\"og:image\" content=\"https:\/\/grandhotel.fr\/app\/uploads\/2023\/10\/Grand-Hotel-HD-76-1.jpg\" \/>\n\t<meta property=\"og:image:width\" content=\"1440\" \/>\n\t<meta property=\"og:image:height\" content=\"536\" \/>\n\t<meta property=\"og:image:type\" content=\"image\/jpeg\" \/>\n<meta name=\"twitter:card\" content=\"summary_large_image\" \/>\n<script type=\"application\/ld+json\" class=\"yoast-schema-graph\">{\"@context\":\"https:\/\/schema.org\",\"@graph\":[{\"@type\":\"WebPage\",\"@id\":\"https:\/\/grandhotel.fr\/en\/bars-restaurants-en\/\",\"url\":\"https:\/\/grandhotel.fr\/en\/bars-restaurants-en\/\",\"name\":\"Bars & Restaurants - Grand H\u00f4tel\",\"isPartOf\":{\"@id\":\"https:\/\/grandhotel.fr\/#website\"},\"datePublished\":\"2023-11-22T13:49:20+00:00\",\"dateModified\":\"2026-03-29T08:24:10+00:00\",\"breadcrumb\":{\"@id\":\"https:\/\/grandhotel.fr\/en\/bars-restaurants-en\/#breadcrumb\"},\"inLanguage\":\"en-US\",\"potentialAction\":[{\"@type\":\"ReadAction\",\"target\":[\"https:\/\/grandhotel.fr\/en\/bars-restaurants-en\/\"]}]},{\"@type\":\"BreadcrumbList\",\"@id\":\"https:\/\/grandhotel.fr\/en\/bars-restaurants-en\/#breadcrumb\",\"itemListElement\":[{\"@type\":\"ListItem\",\"position\":1,\"name\":\"Home\",\"item\":\"https:\/\/grandhotel.fr\/en\/\"},{\"@type\":\"ListItem\",\"position\":2,\"name\":\"Bars &#038; Restaurants\"}]},{\"@type\":\"WebSite\",\"@id\":\"https:\/\/grandhotel.fr\/#website\",\"url\":\"https:\/\/grandhotel.fr\/\",\"name\":\"Grand H\u00f4tel\",\"description\":\"Au c\u0153ur d\u2019un \u00e9crin de nature exceptionnel, vous vivrez chez nous des moments uniques, suspendus, des parenth\u00e8ses joyeuses, de d\u00e9tente et de partage.\",\"publisher\":{\"@id\":\"https:\/\/grandhotel.fr\/#organization\"},\"potentialAction\":[{\"@type\":\"SearchAction\",\"target\":{\"@type\":\"EntryPoint\",\"urlTemplate\":\"https:\/\/grandhotel.fr\/?s={search_term_string}\"},\"query-input\":\"required name=search_term_string\"}],\"inLanguage\":\"en-US\"},{\"@type\":\"Organization\",\"@id\":\"https:\/\/grandhotel.fr\/#organization\",\"name\":\"Grand H\u00f4tel\",\"url\":\"https:\/\/grandhotel.fr\/\",\"logo\":{\"@type\":\"ImageObject\",\"inLanguage\":\"en-US\",\"@id\":\"https:\/\/grandhotel.fr\/#\/schema\/logo\/image\/\",\"url\":\"https:\/\/grandhotel.fr\/app\/uploads\/2023\/10\/logo-GH-footer.svg\",\"contentUrl\":\"https:\/\/grandhotel.fr\/app\/uploads\/2023\/10\/logo-GH-footer.svg\",\"width\":280,\"height\":62,\"caption\":\"Grand H\u00f4tel\"},\"image\":{\"@id\":\"https:\/\/grandhotel.fr\/#\/schema\/logo\/image\/\"}}]}<\/script>\n<!-- \/ Yoast SEO plugin. -->","yoast_head_json":{"title":"Bars & Restaurants - Grand H\u00f4tel","robots":{"index":"index","follow":"follow","max-snippet":"max-snippet:-1","max-image-preview":"max-image-preview:large","max-video-preview":"max-video-preview:-1"},"canonical":"https:\/\/grandhotel.fr\/en\/bars-restaurants-en\/","og_locale":"en_US","og_type":"article","og_title":"Bars & Restaurants - Grand H\u00f4tel","og_url":"https:\/\/grandhotel.fr\/en\/bars-restaurants-en\/","og_site_name":"Grand H\u00f4tel","article_modified_time":"2026-03-29T08:24:10+00:00","og_image":[{"width":1440,"height":536,"url":"https:\/\/grandhotel.fr\/app\/uploads\/2023\/10\/Grand-Hotel-HD-76-1.jpg","type":"image\/jpeg"}],"twitter_card":"summary_large_image","schema":{"@context":"https:\/\/schema.org","@graph":[{"@type":"WebPage","@id":"https:\/\/grandhotel.fr\/en\/bars-restaurants-en\/","url":"https:\/\/grandhotel.fr\/en\/bars-restaurants-en\/","name":"Bars & Restaurants - Grand H\u00f4tel","isPartOf":{"@id":"https:\/\/grandhotel.fr\/#website"},"datePublished":"2023-11-22T13:49:20+00:00","dateModified":"2026-03-29T08:24:10+00:00","breadcrumb":{"@id":"https:\/\/grandhotel.fr\/en\/bars-restaurants-en\/#breadcrumb"},"inLanguage":"en-US","potentialAction":[{"@type":"ReadAction","target":["https:\/\/grandhotel.fr\/en\/bars-restaurants-en\/"]}]},{"@type":"BreadcrumbList","@id":"https:\/\/grandhotel.fr\/en\/bars-restaurants-en\/#breadcrumb","itemListElement":[{"@type":"ListItem","position":1,"name":"Home","item":"https:\/\/grandhotel.fr\/en\/"},{"@type":"ListItem","position":2,"name":"Bars &#038; Restaurants"}]},{"@type":"WebSite","@id":"https:\/\/grandhotel.fr\/#website","url":"https:\/\/grandhotel.fr\/","name":"Grand H\u00f4tel","description":"Au c\u0153ur d\u2019un \u00e9crin de nature exceptionnel, vous vivrez chez nous des moments uniques, suspendus, des parenth\u00e8ses joyeuses, de d\u00e9tente et de partage.","publisher":{"@id":"https:\/\/grandhotel.fr\/#organization"},"potentialAction":[{"@type":"SearchAction","target":{"@type":"EntryPoint","urlTemplate":"https:\/\/grandhotel.fr\/?s={search_term_string}"},"query-input":"required name=search_term_string"}],"inLanguage":"en-US"},{"@type":"Organization","@id":"https:\/\/grandhotel.fr\/#organization","name":"Grand H\u00f4tel","url":"https:\/\/grandhotel.fr\/","logo":{"@type":"ImageObject","inLanguage":"en-US","@id":"https:\/\/grandhotel.fr\/#\/schema\/logo\/image\/","url":"https:\/\/grandhotel.fr\/app\/uploads\/2023\/10\/logo-GH-footer.svg","contentUrl":"https:\/\/grandhotel.fr\/app\/uploads\/2023\/10\/logo-GH-footer.svg","width":280,"height":62,"caption":"Grand H\u00f4tel"},"image":{"@id":"https:\/\/grandhotel.fr\/#\/schema\/logo\/image\/"}}]}},"_links":{"self":[{"href":"https:\/\/grandhotel.fr\/en\/wp-json\/wp\/v2\/pages\/5530"}],"collection":[{"href":"https:\/\/grandhotel.fr\/en\/wp-json\/wp\/v2\/pages"}],"about":[{"href":"https:\/\/grandhotel.fr\/en\/wp-json\/wp\/v2\/types\/page"}],"author":[{"embeddable":true,"href":"https:\/\/grandhotel.fr\/en\/wp-json\/wp\/v2\/users\/2"}],"replies":[{"embeddable":true,"href":"https:\/\/grandhotel.fr\/en\/wp-json\/wp\/v2\/comments?post=5530"}],"version-history":[{"count":2,"href":"https:\/\/grandhotel.fr\/en\/wp-json\/wp\/v2\/pages\/5530\/revisions"}],"predecessor-version":[{"id":24550,"href":"https:\/\/grandhotel.fr\/en\/wp-json\/wp\/v2\/pages\/5530\/revisions\/24550"}],"wp:featuredmedia":[{"embeddable":true,"href":"https:\/\/grandhotel.fr\/en\/wp-json\/wp\/v2\/media\/2565"}],"wp:attachment":[{"href":"https:\/\/grandhotel.fr\/en\/wp-json\/wp\/v2\/media?parent=5530"}],"curies":[{"name":"wp","href":"https:\/\/api.w.org\/{rel}","templated":true}]}}